{"id":478,"date":"2020-04-16T03:30:44","date_gmt":"2020-04-16T03:30:44","guid":{"rendered":"https:\/\/onceuponashine.co\/?page_id=478"},"modified":"2020-04-16T20:13:41","modified_gmt":"2020-04-16T20:13:41","slug":"once-upon-a-shine","status":"publish","type":"page","link":"https:\/\/onceuponashine.co\/en_us\/once-upon-a-shine\/","title":{"rendered":"ONCE UPON A SHINE"},"content":{"rendered":"<h1 class=\"wp-block-heading\">BIENVENUE!<\/h1>\n\n\n\n<figure class=\"wp-block-gallery aligncenter columns-5 is-cropped wp-block-gallery-1 is-layout-flex wp-block-gallery-is-layout-flex\"><ul class=\"blocks-gallery-grid\"><li class=\"blocks-gallery-item\"><figure><img loading=\"lazy\" decoding=\"async\" width=\"2560\" height=\"1444\" src=\"https:\/\/i0.wp.com\/onceuponashine.co\/wp-content\/uploads\/2020\/04\/IMG_20200406_160841.12option2-4-scaled.jpg?fit=525%2C296&amp;ssl=1\" alt=\"\" data-id=\"489\" data-link=\"https:\/\/onceuponashine.co\/once-upon-a-shine\/img_20200406_160841-12option2-4\/\" class=\"wp-image-489\" srcset=\"https:\/\/i0.wp.com\/onceuponashine.co\/wp-content\/uploads\/2020\/04\/IMG_20200406_160841.12option2-4-scaled.jpg?w=2560&amp;ssl=1 2560w, https:\/\/i0.wp.com\/onceuponashine.co\/wp-content\/uploads\/2020\/04\/IMG_20200406_160841.12option2-4-scaled.jpg?resize=300%2C169&amp;ssl=1 300w, https:\/\/i0.wp.com\/onceuponashine.co\/wp-content\/uploads\/2020\/04\/IMG_20200406_160841.12option2-4-scaled.jpg?resize=1024%2C578&amp;ssl=1 1024w, https:\/\/i0.wp.com\/onceuponashine.co\/wp-content\/uploads\/2020\/04\/IMG_20200406_160841.12option2-4-scaled.jpg?resize=768%2C433&amp;ssl=1 768w, https:\/\/i0.wp.com\/onceuponashine.co\/wp-content\/uploads\/2020\/04\/IMG_20200406_160841.12option2-4-scaled.jpg?resize=1536%2C866&amp;ssl=1 1536w, https:\/\/i0.wp.com\/onceuponashine.co\/wp-content\/uploads\/2020\/04\/IMG_20200406_160841.12option2-4-scaled.jpg?resize=2048%2C1155&amp;ssl=1 2048w, https:\/\/i0.wp.com\/onceuponashine.co\/wp-content\/uploads\/2020\/04\/IMG_20200406_160841.12option2-4-scaled.jpg?resize=350%2C197&amp;ssl=1 350w\" sizes=\"auto, (max-width: 1000px) 100vw, 1000px\" \/><figcaption class=\"blocks-gallery-item__caption\"><a href=\"https:\/\/onceuponashine.co\/en_us\/118-2\/\"><span class=\"has-inline-color has-very-light-gray-color\">Les Incontournables De Sa Trousse Beaut\u00e9<\/span><\/a><\/figcaption><\/figure><\/li><li class=\"blocks-gallery-item\"><figure><img decoding=\"async\" src=\"https:\/\/i1.wp.com\/onceuponashine.co\/wp-content\/uploads\/2020\/04\/166A6505.1-2.jpg?fit=525%2C679&amp;ssl=1\" alt=\"\" data-id=\"487\" data-link=\"https:\/\/onceuponashine.co\/once-upon-a-shine\/166a6505-1-2\/\" class=\"wp-image-487\"\/><figcaption class=\"blocks-gallery-item__caption\"><a href=\"https:\/\/onceuponashine.co\/en_us\/comment-dessiner-ses-sourcils\/\"><span class=\"has-inline-color has-very-light-gray-color\">Comment Dessiner Ses Sourcils ?<\/span><\/a><\/figcaption><\/figure><\/li><li class=\"blocks-gallery-item\"><figure><img loading=\"lazy\" decoding=\"async\" width=\"2560\" height=\"1722\" src=\"https:\/\/i2.wp.com\/onceuponashine.co\/wp-content\/uploads\/2020\/04\/IMG_20200414_122907.1-2-scaled.jpg?fit=525%2C353&amp;ssl=1\" alt=\"\" data-id=\"485\" data-link=\"https:\/\/onceuponashine.co\/once-upon-a-shine\/img_20200414_122907-1-2\/\" class=\"wp-image-485\" srcset=\"https:\/\/i0.wp.com\/onceuponashine.co\/wp-content\/uploads\/2020\/04\/IMG_20200414_122907.1-2-scaled.jpg?w=2560&amp;ssl=1 2560w, https:\/\/i0.wp.com\/onceuponashine.co\/wp-content\/uploads\/2020\/04\/IMG_20200414_122907.1-2-scaled.jpg?resize=300%2C202&amp;ssl=1 300w, https:\/\/i0.wp.com\/onceuponashine.co\/wp-content\/uploads\/2020\/04\/IMG_20200414_122907.1-2-scaled.jpg?resize=1024%2C689&amp;ssl=1 1024w, https:\/\/i0.wp.com\/onceuponashine.co\/wp-content\/uploads\/2020\/04\/IMG_20200414_122907.1-2-scaled.jpg?resize=768%2C517&amp;ssl=1 768w, https:\/\/i0.wp.com\/onceuponashine.co\/wp-content\/uploads\/2020\/04\/IMG_20200414_122907.1-2-scaled.jpg?resize=1536%2C1033&amp;ssl=1 1536w, https:\/\/i0.wp.com\/onceuponashine.co\/wp-content\/uploads\/2020\/04\/IMG_20200414_122907.1-2-scaled.jpg?resize=2048%2C1378&amp;ssl=1 2048w, https:\/\/i0.wp.com\/onceuponashine.co\/wp-content\/uploads\/2020\/04\/IMG_20200414_122907.1-2-scaled.jpg?resize=350%2C235&amp;ssl=1 350w\" sizes=\"auto, (max-width: 1000px) 100vw, 1000px\" \/><figcaption class=\"blocks-gallery-item__caption\"><a href=\"https:\/\/onceuponashine.co\/en_us\/coronavirus-covid-19\/\"><span class=\"has-inline-color has-very-light-gray-color\">Coronavirus\/COVID-19<\/span><\/a><\/figcaption><\/figure><\/li><li class=\"blocks-gallery-item\"><figure><img loading=\"lazy\" decoding=\"async\" width=\"1635\" height=\"2117\" src=\"https:\/\/i1.wp.com\/onceuponashine.co\/wp-content\/uploads\/2020\/04\/CAROLYN-DULCEDO-IMGP3204.Blog_-3.jpg?fit=525%2C680&amp;ssl=1\" alt=\"\" data-id=\"488\" data-link=\"https:\/\/onceuponashine.co\/once-upon-a-shine\/carolyn-9\/\" class=\"wp-image-488\" srcset=\"https:\/\/i0.wp.com\/onceuponashine.co\/wp-content\/uploads\/2020\/04\/CAROLYN-DULCEDO-IMGP3204.Blog_-3.jpg?w=1635&amp;ssl=1 1635w, https:\/\/i0.wp.com\/onceuponashine.co\/wp-content\/uploads\/2020\/04\/CAROLYN-DULCEDO-IMGP3204.Blog_-3.jpg?resize=232%2C300&amp;ssl=1 232w, https:\/\/i0.wp.com\/onceuponashine.co\/wp-content\/uploads\/2020\/04\/CAROLYN-DULCEDO-IMGP3204.Blog_-3.jpg?resize=791%2C1024&amp;ssl=1 791w, https:\/\/i0.wp.com\/onceuponashine.co\/wp-content\/uploads\/2020\/04\/CAROLYN-DULCEDO-IMGP3204.Blog_-3.jpg?resize=768%2C994&amp;ssl=1 768w, https:\/\/i0.wp.com\/onceuponashine.co\/wp-content\/uploads\/2020\/04\/CAROLYN-DULCEDO-IMGP3204.Blog_-3.jpg?resize=1186%2C1536&amp;ssl=1 1186w, https:\/\/i0.wp.com\/onceuponashine.co\/wp-content\/uploads\/2020\/04\/CAROLYN-DULCEDO-IMGP3204.Blog_-3.jpg?resize=1582%2C2048&amp;ssl=1 1582w, https:\/\/i0.wp.com\/onceuponashine.co\/wp-content\/uploads\/2020\/04\/CAROLYN-DULCEDO-IMGP3204.Blog_-3.jpg?resize=350%2C453&amp;ssl=1 350w\" sizes=\"auto, (max-width: 1000px) 100vw, 1000px\" \/><figcaption class=\"blocks-gallery-item__caption\"><a href=\"https:\/\/onceuponashine.co\/en_us\/naked-make-up\/\"><span class=\"has-inline-color has-very-light-gray-color\">Naked Make-Up<\/span><\/a><\/figcaption><\/figure><\/li><li class=\"blocks-gallery-item\"><figure><img loading=\"lazy\" decoding=\"async\" width=\"2560\" height=\"1672\" src=\"https:\/\/i1.wp.com\/onceuponashine.co\/wp-content\/uploads\/2020\/04\/IMG_20200407_145911-2.photoshopombre-3-scaled.jpg?fit=525%2C343&amp;ssl=1\" alt=\"\" data-id=\"482\" data-link=\"https:\/\/onceuponashine.co\/once-upon-a-shine\/img_20200407_145911-2-photoshopombre-3\/\" class=\"wp-image-482\" srcset=\"https:\/\/i0.wp.com\/onceuponashine.co\/wp-content\/uploads\/2020\/04\/IMG_20200407_145911-2.photoshopombre-3-scaled.jpg?w=2560&amp;ssl=1 2560w, https:\/\/i0.wp.com\/onceuponashine.co\/wp-content\/uploads\/2020\/04\/IMG_20200407_145911-2.photoshopombre-3-scaled.jpg?resize=300%2C196&amp;ssl=1 300w, https:\/\/i0.wp.com\/onceuponashine.co\/wp-content\/uploads\/2020\/04\/IMG_20200407_145911-2.photoshopombre-3-scaled.jpg?resize=1024%2C669&amp;ssl=1 1024w, https:\/\/i0.wp.com\/onceuponashine.co\/wp-content\/uploads\/2020\/04\/IMG_20200407_145911-2.photoshopombre-3-scaled.jpg?resize=768%2C502&amp;ssl=1 768w, https:\/\/i0.wp.com\/onceuponashine.co\/wp-content\/uploads\/2020\/04\/IMG_20200407_145911-2.photoshopombre-3-scaled.jpg?resize=1536%2C1003&amp;ssl=1 1536w, https:\/\/i0.wp.com\/onceuponashine.co\/wp-content\/uploads\/2020\/04\/IMG_20200407_145911-2.photoshopombre-3-scaled.jpg?resize=2048%2C1338&amp;ssl=1 2048w, https:\/\/i0.wp.com\/onceuponashine.co\/wp-content\/uploads\/2020\/04\/IMG_20200407_145911-2.photoshopombre-3-scaled.jpg?resize=350%2C229&amp;ssl=1 350w\" sizes=\"auto, (max-width: 1000px) 100vw, 1000px\" \/><figcaption class=\"blocks-gallery-item__caption\"><a href=\"https:\/\/onceuponashine.co\/en_us\/comment-choisir-les-bons-pinceaux-de-make-up\/\"><span class=\"has-inline-color has-very-light-gray-color\">Comment Choisir Les Bons Pinceaux De Make-Up<\/span><\/a><\/figcaption><\/figure><\/li><\/ul><\/figure>\n\n\n\n<p class=\"has-drop-cap has-normal-font-size\">Once Upon a Shine traite d\u2019actualit\u00e9s relatives au maquillage pour simplifier et changer votre exp\u00e9rience beaut\u00e9.&nbsp; Aussi des astuces pour vous maquiller comme une pro. Bienvenue dans mon cocon virtuel !<\/p>\n\n\n\n<h3 class=\"has-text-align-center wp-block-heading\"><strong>Ma motivation ?&nbsp; Covid-19, un inconv\u00e9nient mineur !<\/strong><\/h3>\n\n\n\n<p class=\"has-text-align-center has-normal-font-size\">J\u2019ai d\u00e9couvert la blogosph\u00e8re il y a d\u00e9j\u00e0 quelques ann\u00e9es de cela. Et puis voil\u00e0 que la distanciation sociale ma amener \u00e0 me lancer. J\u2019ai pris l\u2019opportunit\u00e9 pour finalement faire le pas et cr\u00e9\u00e9e Once Upon a Shine.<\/p>\n\n\n\n<p class=\"has-text-align-center has-normal-font-size\">La description de notre travail en tant qu\u2019artiste maquilleur ou styliste en coiffure, comprend de nombreux comportements que nous avons \u00e9t\u00e9 avertis de cesser, comme le toucher des yeux et la bouche.&nbsp; Durant cette auto-quarantaine, j\u2019avais le besoin de cr\u00e9er un univers parall\u00e8le o\u00f9 je puisse continuer \u00e0 partager ma passion et ma vision du make-up.<\/p>\n\n\n\n<h3 class=\"has-text-align-center wp-block-heading\"><strong>Ma Mission ? Apporter un \u00ab\u00a0+\u00a0\u00bb dans la vie d\u2019une personne<\/strong><\/h3>\n\n\n\n<p class=\"has-text-align-center has-normal-font-size\">Quoi de mieux que de partager ses connaissances et inspirer sa communaut\u00e9, des femmes de tous les horizons.&nbsp; Ici, je vous d\u00e9voile en image et communique avec beaucoup d\u2019authenticit\u00e9 tous les secrets du make-up et un tourbillon de connaissances pratiques acquissent par mon exp\u00e9rience.&nbsp; En tant qu\u2019artiste autodidacte, j\u2019ai envie d\u2019inspirer des femmes comme vous et moi, \u00e0 prendre confiance en elle, se d\u00e9velopper, s\u2019enrichir et faire ce qu\u2019elles aiment car tout est possible. Ce blog <em>s\u2019adresse aussi \u00e0 toutes les femmes qui voudraient simplement changer<\/em> leurs habitudes pour le mieux<em> ou simplifier leur routine quotidienne<\/em>.<\/p>\n\n\n\n<p class=\"has-text-align-center has-normal-font-size\">Avoir la chance de transmettre ma passion d\u00e9mentielle et d\u2019avoir un impact positif dans la vie de quelqu\u2019un, c\u2019est un privil\u00e8ge immense et tr\u00e8s valorisant.<\/p>\n\n\n\n<p class=\"has-text-align-center has-normal-font-size\">Permettez-moi d\u2019\u00e9voluer avec vous.&nbsp; Changer le monde une beaut\u00e9 \u00e0 la fois !<\/p>\n\n\n\n<h3 class=\"has-text-align-center wp-block-heading\"><span style=\"color:#be669b\" class=\"has-inline-color\"><strong>Brillez de Mille Feux !<\/strong><\/span><\/h3>\n\n\n\n<p class=\"has-text-align-center has-normal-font-size\">xoxo<\/p>\n\n\n\n<h3 class=\"has-text-align-center wp-block-heading\">Hiba<\/h3>\n\n\n\n<p><\/p>","protected":false},"excerpt":{"rendered":"<p>BIENVENUE! Once Upon a Shine traite d\u2019actualit\u00e9s relatives au maquillage pour simplifier et changer votre exp\u00e9rience beaut\u00e9.&nbsp; Aussi des astuces pour vous maquiller comme une pro. Bienvenue dans mon cocon virtuel ! Ma motivation ?&nbsp; Covid-19, un inconv\u00e9nient mineur ! J\u2019ai d\u00e9couvert la blogosph\u00e8re il y a d\u00e9j\u00e0 quelques ann\u00e9es de cela. Et puis voil\u00e0 [&hellip;]<\/p>\n","protected":false},"author":2,"featured_media":0,"parent":0,"menu_order":0,"comment_status":"closed","ping_status":"closed","template":"","meta":{"nf_dc_page":"","om_disable_all_campaigns":false,"_surecart_dashboard_logo_width":"180px","_surecart_dashboard_show_logo":true,"_surecart_dashboard_navigation_orders":true,"_surecart_dashboard_navigation_invoices":true,"_surecart_dashboard_navigation_subscriptions":true,"_surecart_dashboard_navigation_downloads":true,"_surecart_dashboard_navigation_billing":true,"_surecart_dashboard_navigation_account":true,"_uag_custom_page_level_css":"","_monsterinsights_skip_tracking":false,"_monsterinsights_sitenote_active":false,"_monsterinsights_sitenote_note":"","_monsterinsights_sitenote_category":0,"site-sidebar-layout":"default","site-content-layout":"","ast-site-content-layout":"default","site-content-style":"default","site-sidebar-style":"default","ast-global-header-display":"","ast-banner-title-visibility":"","ast-main-header-display":"","ast-hfb-above-header-display":"","ast-hfb-below-header-display":"","ast-hfb-mobile-header-display":"","site-post-title":"","ast-breadcrumbs-content":"","ast-featured-img":"","footer-sml-layout":"","ast-disable-related-posts":"","theme-transparent-header-meta":"","adv-header-id-meta":"","stick-header-meta":"","header-above-stick-meta":"","header-main-stick-meta":"","header-below-stick-meta":"","astra-migrate-meta-layouts":"default","ast-page-background-enabled":"default","ast-page-background-meta":{"desktop":{"background-color":"var(--ast-global-color-4)","background-image":"","background-repeat":"repeat","background-position":"center center","background-size":"auto","background-attachment":"scroll","background-type":"","background-media":"","overlay-type":"","overlay-color":"","overlay-opacity":"","overlay-gradient":""},"tablet":{"background-color":"","background-image":"","background-repeat":"repeat","background-position":"center center","background-size":"auto","background-attachment":"scroll","background-type":"","background-media":"","overlay-type":"","overlay-color":"","overlay-opacity":"","overlay-gradient":""},"mobile":{"background-color":"","background-image":"","background-repeat":"repeat","background-position":"center center","background-size":"auto","background-attachment":"scroll","background-type":"","background-media":"","overlay-type":"","overlay-color":"","overlay-opacity":"","overlay-gradient":""}},"ast-content-background-meta":{"desktop":{"background-color":"var(--ast-global-color-5)","background-image":"","background-repeat":"repeat","background-position":"center center","background-size":"auto","background-attachment":"scroll","background-type":"","background-media":"","overlay-type":"","overlay-color":"","overlay-opacity":"","overlay-gradient":""},"tablet":{"background-color":"var(--ast-global-color-5)","background-image":"","background-repeat":"repeat","background-position":"center center","background-size":"auto","background-attachment":"scroll","background-type":"","background-media":"","overlay-type":"","overlay-color":"","overlay-opacity":"","overlay-gradient":""},"mobile":{"background-color":"var(--ast-global-color-5)","background-image":"","background-repeat":"repeat","background-position":"center center","background-size":"auto","background-attachment":"scroll","background-type":"","background-media":"","overlay-type":"","overlay-color":"","overlay-opacity":"","overlay-gradient":""}},"footnotes":""},"class_list":["post-478","page","type-page","status-publish","hentry"],"aioseo_notices":[],"uagb_featured_image_src":{"full":false,"thumbnail":false,"medium":false,"medium_large":false,"large":false,"1536x1536":false,"2048x2048":false,"trp-custom-language-flag":false,"woocommerce_thumbnail":false,"woocommerce_single":false,"woocommerce_gallery_thumbnail":false},"uagb_author_info":{"display_name":"Makeup Artist Pro Tricks","author_link":"https:\/\/onceuponashine.co\/en_us\/author\/dhib_hiba\/"},"uagb_comment_info":0,"uagb_excerpt":"BIENVENUE! Once Upon a Shine traite d\u2019actualit\u00e9s relatives au maquillage pour simplifier et changer votre exp\u00e9rience beaut\u00e9.&nbsp; Aussi des astuces pour vous maquiller comme une pro. Bienvenue dans mon cocon virtuel ! Ma motivation ?&nbsp; Covid-19, un inconv\u00e9nient mineur ! J\u2019ai d\u00e9couvert la blogosph\u00e8re il y a d\u00e9j\u00e0 quelques ann\u00e9es de cela. Et puis voil\u00e0&hellip;","jetpack_sharing_enabled":true,"jetpack_shortlink":"https:\/\/wp.me\/PbQW1q-7I","_links":{"self":[{"href":"https:\/\/onceuponashine.co\/en_us\/wp-json\/wp\/v2\/pages\/478","targetHints":{"allow":["GET"]}}],"collection":[{"href":"https:\/\/onceuponashine.co\/en_us\/wp-json\/wp\/v2\/pages"}],"about":[{"href":"https:\/\/onceuponashine.co\/en_us\/wp-json\/wp\/v2\/types\/page"}],"author":[{"embeddable":true,"href":"https:\/\/onceuponashine.co\/en_us\/wp-json\/wp\/v2\/users\/2"}],"replies":[{"embeddable":true,"href":"https:\/\/onceuponashine.co\/en_us\/wp-json\/wp\/v2\/comments?post=478"}],"version-history":[{"count":6,"href":"https:\/\/onceuponashine.co\/en_us\/wp-json\/wp\/v2\/pages\/478\/revisions"}],"predecessor-version":[{"id":516,"href":"https:\/\/onceuponashine.co\/en_us\/wp-json\/wp\/v2\/pages\/478\/revisions\/516"}],"wp:attachment":[{"href":"https:\/\/onceuponashine.co\/en_us\/wp-json\/wp\/v2\/media?parent=478"}],"curies":[{"name":"wp","href":"https:\/\/api.w.org\/{rel}","templated":true}]}}