{"id":233,"date":"2020-04-06T17:41:58","date_gmt":"2020-04-06T17:41:58","guid":{"rendered":"https:\/\/onceuponashine.co\/?page_id=233"},"modified":"2020-04-16T21:11:11","modified_gmt":"2020-04-16T21:11:11","slug":"a-propos","status":"publish","type":"page","link":"https:\/\/onceuponashine.co\/en_us\/a-propos\/","title":{"rendered":"A Propos"},"content":{"rendered":"<h3 class=\"has-text-align-left wp-block-heading\"><strong>Une artiste de Montr\u00e9al au Qu\u00e9bec.<\/strong><\/h3>\n\n\n\n<div class=\"wp-block-image\"><figure class=\"aligncenter size-full is-resized\"><a href=\"https:\/\/www.instagram.com\/hiba_hairmakeup\/?hl=en\"><img data-recalc-dims=\"1\" loading=\"lazy\" decoding=\"async\" src=\"https:\/\/i0.wp.com\/onceuponashine.co\/wp-content\/uploads\/2020\/04\/DSC_4615flattenlowresolution-4-scaled.jpg?resize=864%2C426&#038;ssl=1\" alt=\"\" class=\"wp-image-290\" width=\"864\" height=\"426\" srcset=\"https:\/\/i0.wp.com\/onceuponashine.co\/wp-content\/uploads\/2020\/04\/DSC_4615flattenlowresolution-4-scaled.jpg?w=2560&amp;ssl=1 2560w, https:\/\/i0.wp.com\/onceuponashine.co\/wp-content\/uploads\/2020\/04\/DSC_4615flattenlowresolution-4-scaled.jpg?resize=300%2C148&amp;ssl=1 300w, https:\/\/i0.wp.com\/onceuponashine.co\/wp-content\/uploads\/2020\/04\/DSC_4615flattenlowresolution-4-scaled.jpg?resize=1024%2C505&amp;ssl=1 1024w, https:\/\/i0.wp.com\/onceuponashine.co\/wp-content\/uploads\/2020\/04\/DSC_4615flattenlowresolution-4-scaled.jpg?resize=768%2C379&amp;ssl=1 768w, https:\/\/i0.wp.com\/onceuponashine.co\/wp-content\/uploads\/2020\/04\/DSC_4615flattenlowresolution-4-scaled.jpg?resize=1536%2C758&amp;ssl=1 1536w, https:\/\/i0.wp.com\/onceuponashine.co\/wp-content\/uploads\/2020\/04\/DSC_4615flattenlowresolution-4-scaled.jpg?resize=2048%2C1011&amp;ssl=1 2048w, https:\/\/i0.wp.com\/onceuponashine.co\/wp-content\/uploads\/2020\/04\/DSC_4615flattenlowresolution-4-scaled.jpg?resize=350%2C173&amp;ssl=1 350w\" sizes=\"auto, (max-width: 864px) 100vw, 864px\" \/><\/a><figcaption><span style=\"color:#be669b\" class=\"has-inline-color\"><em><a href=\"https:\/\/www.instagram.com\/hiba_hairmakeup\/?hl=en\">Hiba Dhib<\/a><\/em><\/span><\/figcaption><\/figure><\/div>\n\n\n\n<p class=\"has-text-align-center has-normal-font-size\">Nous avons tous v\u00e9cu des exp\u00e9riences qui nous ont transform\u00e9s en la personne que nous sommes aujourd\u2019hui. Tout le monde a une histoire. Celle-ci est la mienne !<\/p>\n\n\n\n<p class=\"has-text-align-center has-normal-font-size\">J\u2019ai grandi \u00e0 Montr\u00e9al o\u00f9 j\u2019ai \u00e9tudi\u00e9 l&#8217;architecture d&#8217;int\u00e9rieur avant de devenir maquilleuse et styliste en coiffure professionnelle. <\/p>\n\n\n\n<p class=\"has-text-align-center has-normal-font-size\">Depuis ma jeunesse, je cultive une forte passion pour le monde de la beaut\u00e9 et de l&#8217;art. J\u2019aime le dessin, le design, la mode et la fa\u00e7on dont ils ouvraient la porte \u00e0 la fantaisie et \u00e0 l&#8217;imagination. Je m&#8217;inspire en permanence de mon parcours en architecture d&#8217;int\u00e9rieur et de mes cultures si contrast\u00e9es, donnant vie \u00e0 un m\u00e9lange de couleurs et de nuances, de lumi\u00e8res et d&#8217;ombres.<\/p>\n\n\n\n<p class=\"has-text-align-center has-normal-font-size\">J\u2019aime travailler sur le maquillage de mariage \u00e0 l&#8217;a\u00e9rographe, les mariages \u00e0 destination (bien au soleil !), les \u00e9ditoriaux, les tournages de beaut\u00e9 et de mode, les tournages de clips musicaux et plus d&#8217;\u00e9v\u00e9nements o\u00f9 chaque d\u00e9tail compte pour cr\u00e9er un maquillage et une \u0153uvre d&#8217;art uniques.<\/p>\n\n\n\n<p class=\"has-text-align-left has-normal-font-size\">Maquilleuse depuis plus de 11 ans maintenant, ma philosophie est simple : la cr\u00e9ativit\u00e9 est un mode de vie !<\/p>\n\n\n\n<p class=\"has-text-align-center has-normal-font-size\">xoxo<\/p>\n\n\n\n<h3 class=\"has-text-align-center wp-block-heading\">Hiba<\/h3>","protected":false},"excerpt":{"rendered":"<p>Une artiste de Montr\u00e9al au Qu\u00e9bec. Nous avons tous v\u00e9cu des exp\u00e9riences qui nous ont transform\u00e9s en la personne que nous sommes aujourd\u2019hui. Tout le monde a une histoire. Celle-ci est la mienne ! J\u2019ai grandi \u00e0 Montr\u00e9al o\u00f9 j\u2019ai \u00e9tudi\u00e9 l&#8217;architecture d&#8217;int\u00e9rieur avant de devenir maquilleuse et styliste en coiffure professionnelle. Depuis ma jeunesse, [&hellip;]<\/p>\n","protected":false},"author":2,"featured_media":0,"parent":0,"menu_order":1,"comment_status":"closed","ping_status":"closed","template":"","meta":{"nf_dc_page":"","om_disable_all_campaigns":false,"_surecart_dashboard_logo_width":"180px","_surecart_dashboard_show_logo":true,"_surecart_dashboard_navigation_orders":true,"_surecart_dashboard_navigation_invoices":true,"_surecart_dashboard_navigation_subscriptions":true,"_surecart_dashboard_navigation_downloads":true,"_surecart_dashboard_navigation_billing":true,"_surecart_dashboard_navigation_account":true,"_uag_custom_page_level_css":"","_monsterinsights_skip_tracking":false,"_monsterinsights_sitenote_active":false,"_monsterinsights_sitenote_note":"","_monsterinsights_sitenote_category":0,"site-sidebar-layout":"default","site-content-layout":"","ast-site-content-layout":"default","site-content-style":"default","site-sidebar-style":"default","ast-global-header-display":"","ast-banner-title-visibility":"","ast-main-header-display":"","ast-hfb-above-header-display":"","ast-hfb-below-header-display":"","ast-hfb-mobile-header-display":"","site-post-title":"","ast-breadcrumbs-content":"","ast-featured-img":"","footer-sml-layout":"","ast-disable-related-posts":"","theme-transparent-header-meta":"","adv-header-id-meta":"","stick-header-meta":"","header-above-stick-meta":"","header-main-stick-meta":"","header-below-stick-meta":"","astra-migrate-meta-layouts":"default","ast-page-background-enabled":"default","ast-page-background-meta":{"desktop":{"background-color":"var(--ast-global-color-4)","background-image":"","background-repeat":"repeat","background-position":"center center","background-size":"auto","background-attachment":"scroll","background-type":"","background-media":"","overlay-type":"","overlay-color":"","overlay-opacity":"","overlay-gradient":""},"tablet":{"background-color":"","background-image":"","background-repeat":"repeat","background-position":"center center","background-size":"auto","background-attachment":"scroll","background-type":"","background-media":"","overlay-type":"","overlay-color":"","overlay-opacity":"","overlay-gradient":""},"mobile":{"background-color":"","background-image":"","background-repeat":"repeat","background-position":"center center","background-size":"auto","background-attachment":"scroll","background-type":"","background-media":"","overlay-type":"","overlay-color":"","overlay-opacity":"","overlay-gradient":""}},"ast-content-background-meta":{"desktop":{"background-color":"var(--ast-global-color-5)","background-image":"","background-repeat":"repeat","background-position":"center center","background-size":"auto","background-attachment":"scroll","background-type":"","background-media":"","overlay-type":"","overlay-color":"","overlay-opacity":"","overlay-gradient":""},"tablet":{"background-color":"var(--ast-global-color-5)","background-image":"","background-repeat":"repeat","background-position":"center center","background-size":"auto","background-attachment":"scroll","background-type":"","background-media":"","overlay-type":"","overlay-color":"","overlay-opacity":"","overlay-gradient":""},"mobile":{"background-color":"var(--ast-global-color-5)","background-image":"","background-repeat":"repeat","background-position":"center center","background-size":"auto","background-attachment":"scroll","background-type":"","background-media":"","overlay-type":"","overlay-color":"","overlay-opacity":"","overlay-gradient":""}},"footnotes":""},"class_list":["post-233","page","type-page","status-publish","hentry"],"aioseo_notices":[],"uagb_featured_image_src":{"full":false,"thumbnail":false,"medium":false,"medium_large":false,"large":false,"1536x1536":false,"2048x2048":false,"trp-custom-language-flag":false,"woocommerce_thumbnail":false,"woocommerce_single":false,"woocommerce_gallery_thumbnail":false},"uagb_author_info":{"display_name":"Makeup Artist Pro Tricks","author_link":"https:\/\/onceuponashine.co\/en_us\/author\/dhib_hiba\/"},"uagb_comment_info":0,"uagb_excerpt":"Une artiste de Montr\u00e9al au Qu\u00e9bec. Nous avons tous v\u00e9cu des exp\u00e9riences qui nous ont transform\u00e9s en la personne que nous sommes aujourd\u2019hui. Tout le monde a une histoire. Celle-ci est la mienne ! J\u2019ai grandi \u00e0 Montr\u00e9al o\u00f9 j\u2019ai \u00e9tudi\u00e9 l&#8217;architecture d&#8217;int\u00e9rieur avant de devenir maquilleuse et styliste en coiffure professionnelle. Depuis ma jeunesse,&hellip;","jetpack_sharing_enabled":true,"jetpack_shortlink":"https:\/\/wp.me\/PbQW1q-3L","_links":{"self":[{"href":"https:\/\/onceuponashine.co\/en_us\/wp-json\/wp\/v2\/pages\/233","targetHints":{"allow":["GET"]}}],"collection":[{"href":"https:\/\/onceuponashine.co\/en_us\/wp-json\/wp\/v2\/pages"}],"about":[{"href":"https:\/\/onceuponashine.co\/en_us\/wp-json\/wp\/v2\/types\/page"}],"author":[{"embeddable":true,"href":"https:\/\/onceuponashine.co\/en_us\/wp-json\/wp\/v2\/users\/2"}],"replies":[{"embeddable":true,"href":"https:\/\/onceuponashine.co\/en_us\/wp-json\/wp\/v2\/comments?post=233"}],"version-history":[{"count":6,"href":"https:\/\/onceuponashine.co\/en_us\/wp-json\/wp\/v2\/pages\/233\/revisions"}],"predecessor-version":[{"id":518,"href":"https:\/\/onceuponashine.co\/en_us\/wp-json\/wp\/v2\/pages\/233\/revisions\/518"}],"wp:attachment":[{"href":"https:\/\/onceuponashine.co\/en_us\/wp-json\/wp\/v2\/media?parent=233"}],"curies":[{"name":"wp","href":"https:\/\/api.w.org\/{rel}","templated":true}]}}